{"id":2405,"date":"2026-03-28T19:53:09","date_gmt":"2026-03-28T19:53:09","guid":{"rendered":"https:\/\/aegnunes.pt\/?page_id=2405"},"modified":"2026-04-08T17:14:49","modified_gmt":"2026-04-08T17:14:49","slug":"exposicao-arvorar-te","status":"publish","type":"page","link":"https:\/\/aegnunes.pt\/?page_id=2405","title":{"rendered":"Exposi\u00e7\u00e3o &#8220;\u00c1rvorAR-TE&#8221;"},"content":{"rendered":"\t\t<div data-elementor-type=\"wp-page\" data-elementor-id=\"2405\" class=\"elementor elementor-2405\" data-elementor-post-type=\"page\">\n\t\t\t\t<div class=\"elementor-element elementor-element-4c75817 e-flex e-con-boxed e-con e-parent\" data-id=\"4c75817\" data-element_type=\"container\">\n\t\t\t\t\t<div class=\"e-con-inner\">\n\t\t\t\t<div class=\"elementor-element elementor-element-fbb8fe8 elementor-widget elementor-widget-heading\" data-id=\"fbb8fe8\" data-element_type=\"widget\" data-widget_type=\"heading.default\">\n\t\t\t\t\t<h2 class=\"elementor-heading-title elementor-size-default\">\"\u00c1rvorAR-TE\"<\/h2>\t\t\t\t<\/div>\n\t\t\t\t\t<\/div>\n\t\t\t\t<\/div>\n\t\t<div class=\"elementor-element elementor-element-80c1eb0 e-flex e-con-boxed e-con e-parent\" data-id=\"80c1eb0\" data-element_type=\"container\">\n\t\t\t\t\t<div class=\"e-con-inner\">\n\t\t\t\t<div class=\"elementor-element elementor-element-9c638fb elementor-widget elementor-widget-spacer\" data-id=\"9c638fb\" data-element_type=\"widget\" data-widget_type=\"spacer.default\">\n\t\t\t\t\t\t\t<div class=\"elementor-spacer\">\n\t\t\t<div class=\"elementor-spacer-inner\"><\/div>\n\t\t<\/div>\n\t\t\t\t\t\t<\/div>\n\t\t\t\t\t<\/div>\n\t\t\t\t<\/div>\n\t\t<div class=\"elementor-element elementor-element-ecafdab e-flex e-con-boxed e-con e-parent\" data-id=\"ecafdab\" data-element_type=\"container\" data-settings=\"{&quot;shape_divider_top&quot;:&quot;mountains&quot;}\">\n\t\t\t\t\t<div class=\"e-con-inner\">\n\t\t\t\t<div class=\"elementor-shape elementor-shape-top\" aria-hidden=\"true\" data-negative=\"false\">\n\t\t\t<svg xmlns=\"http:\/\/www.w3.org\/2000\/svg\" viewBox=\"0 0 1000 100\" preserveAspectRatio=\"none\">\n\t<path class=\"elementor-shape-fill\" opacity=\"0.33\" d=\"M473,67.3c-203.9,88.3-263.1-34-320.3,0C66,119.1,0,59.7,0,59.7V0h1000v59.7 c0,0-62.1,26.1-94.9,29.3c-32.8,3.3-62.8-12.3-75.8-22.1C806,49.6,745.3,8.7,694.9,4.7S492.4,59,473,67.3z\"\/>\n\t<path class=\"elementor-shape-fill\" opacity=\"0.66\" d=\"M734,67.3c-45.5,0-77.2-23.2-129.1-39.1c-28.6-8.7-150.3-10.1-254,39.1 s-91.7-34.4-149.2,0C115.7,118.3,0,39.8,0,39.8V0h1000v36.5c0,0-28.2-18.5-92.1-18.5C810.2,18.1,775.7,67.3,734,67.3z\"\/>\n\t<path class=\"elementor-shape-fill\" d=\"M766.1,28.9c-200-57.5-266,65.5-395.1,19.5C242,1.8,242,5.4,184.8,20.6C128,35.8,132.3,44.9,89.9,52.5C28.6,63.7,0,0,0,0 h1000c0,0-9.9,40.9-83.6,48.1S829.6,47,766.1,28.9z\"\/>\n<\/svg>\t\t<\/div>\n\t\t<div class=\"elementor-element elementor-element-bc6473f e-grid e-con-full e-con e-child\" data-id=\"bc6473f\" data-element_type=\"container\">\n\t\t\t\t<div class=\"elementor-element elementor-element-1e54fc3 elementor-widget elementor-widget-text-editor\" data-id=\"1e54fc3\" data-element_type=\"widget\" data-widget_type=\"text-editor.default\">\n\t\t\t\t\t\t\t\t\t<p>\u00a0<\/p><p><span style=\"color: #000000;\">Realizou-se, entre os dias 18 e 31 de mar\u00e7o, a exposi\u00e7\u00e3o de trabalhos intitulada \u201cArvorAR-TE\u201d, no \u00e2mbito das disciplinas de Educa\u00e7\u00e3o Visual e Educa\u00e7\u00e3o Tecnol\u00f3gica, assinalando o Dia Mundial da \u00c1rvore. Nesta mostra estiveram patentes diversos projetos desenvolvidos pelos alunos do 2.\u00ba e 3.\u00ba ciclos, evidenciando a aplica\u00e7\u00e3o de m\u00faltiplas t\u00e9cnicas e linguagens art\u00edsticas.<\/span><\/p><p><span style=\"color: #000000;\">Entre as t\u00e9cnicas exploradas destacaram-se a pintura a marcadores, l\u00e1pis de cor e colagem sobre papel, bem como a pintura com l\u00e1pis de cor e tinta acr\u00edlica. Desenvolveram ainda trabalhos com materiais riscadores, nomeadamente l\u00e1pis de cera sobre folha A4, posteriormente cobertos com guache. Atrav\u00e9s da t\u00e9cnica de raspagem, revelaram a imagem de \u00e1rvores previamente desenhadas, explorando contrastes e texturas.<\/span><\/p>\t\t\t\t\t\t\t\t<\/div>\n\t\t\t\t<div class=\"elementor-element elementor-element-ef16a01 elementor-widget elementor-widget-image\" data-id=\"ef16a01\" data-element_type=\"widget\" data-widget_type=\"image.default\">\n\t\t\t\t\t\t\t\t\t\t\t\t\t\t\t<img fetchpriority=\"high\" decoding=\"async\" width=\"800\" height=\"279\" src=\"https:\/\/aegnunes.pt\/wp-content\/uploads\/2026\/03\/ARVOR.jpg\" class=\"attachment-large size-large wp-image-2409\" alt=\"\" \/>\t\t\t\t\t\t\t\t\t\t\t\t\t\t\t<\/div>\n\t\t\t\t<\/div>\n\t\t\t\t\t<\/div>\n\t\t\t\t<\/div>\n\t\t<div class=\"elementor-element elementor-element-7fb4901 e-flex e-con-boxed e-con e-parent\" data-id=\"7fb4901\" data-element_type=\"container\">\n\t\t\t\t\t<div class=\"e-con-inner\">\n\t\t\t\t<div class=\"elementor-element elementor-element-af36fb6 elementor-widget elementor-widget-text-editor\" data-id=\"af36fb6\" data-element_type=\"widget\" data-widget_type=\"text-editor.default\">\n\t\t\t\t\t\t\t\t\t<p><span style=\"color: #000000;\">Os trabalhos apresentados revelaram criatividade, sentido est\u00e9tico e dom\u00ednio progressivo dos materiais e t\u00e9cnicas abordadas em contexto de sala de aula.<\/span><\/p><p><span style=\"color: #000000;\">Relativamente ao 2.\u00ba ciclo, os alunos do 6.\u00ba ano, das turmas D, E, F, G e H, apresentaram trabalhos diversificados, incluindo pintura com guache, recorte e colagem com recurso a revistas. Nestes trabalhos evidenciou-se a criatividade na composi\u00e7\u00e3o de imagens, bem como a constru\u00e7\u00e3o de esculturas e estruturas em papel posteriormente pintadas. Algumas destas produ\u00e7\u00f5es foram inspiradas na obra de Niki de Saint Phalle, destacando-se pelas formas volumosas e pelas cores vivas, com um uso expressivo da cor. Outros trabalhos revelaram influ\u00eancias de Vincent van Gogh e da corrente art\u00edstica do Fauvismo.<\/span><\/p><p><span style=\"color: #000000;\">Os alunos do 6.\u00ba ano exploraram ainda a t\u00e9cnica da pintura a guache, aplicando conceitos de cores frias, quentes e complementares, demonstrando compreens\u00e3o dos conte\u00fados lecionados.<\/span><\/p><p><span style=\"color: #000000;\">No 3.\u00ba ciclo, os alunos do 7.\u00ba ano realizaram o projeto \u201cDesenho de folhas\u201d, no qual representaram diferentes formas de folhas, preenchendo o seu interior com ilustra\u00e7\u00f5es elaboradas a l\u00e1pis de cor. No verso, identificaram o nome das respetivas \u00e1rvores. As folhas foram expostas suspensas numa estrutura de \u00e1rvore invertida, contribuindo para a dinamiza\u00e7\u00e3o est\u00e9tica do espa\u00e7o escolar.<\/span><\/p><p><span style=\"color: #000000;\">Os alunos do 8.\u00ba ano apresentaram o trabalho \u201cFlor surrealista\u201d, inspirado no Movimento Surrealista. Utilizando a t\u00e9cnica de marcador em monocromia, criaram representa\u00e7\u00f5es de flores baseadas no imagin\u00e1rio e no subconsciente, com express\u00f5es espont\u00e2neas. Os desenhos foram expostos em ramos pintados de preto, fixados em troncos colocados no ch\u00e3o, criando a ilus\u00e3o de um jardim surrealista.<\/span><\/p><p><span style=\"color: #000000;\">Por fim, os alunos do 9.\u00ba ano desenvolveram o projeto \u201c\u00c1rvores 3D\u201d. Inicialmente, desenharam \u00e1rvores a grafite, aplicando t\u00e9cnicas de sombra e grada\u00e7\u00e3o para alcan\u00e7ar maior realismo. Posteriormente, os desenhos foram digitalizados e trabalhados em programas de modela\u00e7\u00e3o 3D, permitindo a sua impress\u00e3o em impressora 3D, articulando assim compet\u00eancias art\u00edsticas e tecnol\u00f3gicas.<\/span><\/p><p><span style=\"color: #000000;\">Em s\u00edntese, a exposi\u00e7\u00e3o \u201cArvorAR-TE\u201d, integrada nas comemora\u00e7\u00f5es do Dia Mundial da \u00c1rvore, refletiu o empenho, a criatividade e as aprendizagens desenvolvidas pelos alunos, evidenciando a diversidade de t\u00e9cnicas, a capacidade de express\u00e3o art\u00edstica e a articula\u00e7\u00e3o entre diferentes \u00e1reas do saber.<\/span><\/p>\t\t\t\t\t\t\t\t<\/div>\n\t\t\t\t\t<\/div>\n\t\t\t\t<\/div>\n\t\t<div class=\"elementor-element elementor-element-aa5e618 e-flex e-con-boxed e-con e-parent\" data-id=\"aa5e618\" data-element_type=\"container\" data-settings=\"{&quot;shape_divider_bottom&quot;:&quot;mountains&quot;}\">\n\t\t\t\t\t<div class=\"e-con-inner\">\n\t\t\t\t<div class=\"elementor-shape elementor-shape-bottom\" aria-hidden=\"true\" data-negative=\"false\">\n\t\t\t<svg xmlns=\"http:\/\/www.w3.org\/2000\/svg\" viewBox=\"0 0 1000 100\" preserveAspectRatio=\"none\">\n\t<path class=\"elementor-shape-fill\" opacity=\"0.33\" d=\"M473,67.3c-203.9,88.3-263.1-34-320.3,0C66,119.1,0,59.7,0,59.7V0h1000v59.7 c0,0-62.1,26.1-94.9,29.3c-32.8,3.3-62.8-12.3-75.8-22.1C806,49.6,745.3,8.7,694.9,4.7S492.4,59,473,67.3z\"\/>\n\t<path class=\"elementor-shape-fill\" opacity=\"0.66\" d=\"M734,67.3c-45.5,0-77.2-23.2-129.1-39.1c-28.6-8.7-150.3-10.1-254,39.1 s-91.7-34.4-149.2,0C115.7,118.3,0,39.8,0,39.8V0h1000v36.5c0,0-28.2-18.5-92.1-18.5C810.2,18.1,775.7,67.3,734,67.3z\"\/>\n\t<path class=\"elementor-shape-fill\" d=\"M766.1,28.9c-200-57.5-266,65.5-395.1,19.5C242,1.8,242,5.4,184.8,20.6C128,35.8,132.3,44.9,89.9,52.5C28.6,63.7,0,0,0,0 h1000c0,0-9.9,40.9-83.6,48.1S829.6,47,766.1,28.9z\"\/>\n<\/svg>\t\t<\/div>\n\t\t\t\t<div class=\"elementor-element elementor-element-21494f1 elementor-skin-carousel elementor-arrows-yes elementor-pagination-type-bullets elementor-pagination-position-outside elementor-widget elementor-widget-media-carousel\" data-id=\"21494f1\" data-element_type=\"widget\" data-settings=\"{&quot;slides_per_view&quot;:&quot;1&quot;,&quot;skin&quot;:&quot;carousel&quot;,&quot;effect&quot;:&quot;slide&quot;,&quot;show_arrows&quot;:&quot;yes&quot;,&quot;pagination&quot;:&quot;bullets&quot;,&quot;speed&quot;:500,&quot;autoplay&quot;:&quot;yes&quot;,&quot;autoplay_speed&quot;:5000,&quot;loop&quot;:&quot;yes&quot;,&quot;pause_on_hover&quot;:&quot;yes&quot;,&quot;pause_on_interaction&quot;:&quot;yes&quot;,&quot;space_between&quot;:{&quot;unit&quot;:&quot;px&quot;,&quot;size&quot;:10,&quot;sizes&quot;:[]},&quot;space_between_tablet&quot;:{&quot;unit&quot;:&quot;px&quot;,&quot;size&quot;:10,&quot;sizes&quot;:[]},&quot;space_between_mobile&quot;:{&quot;unit&quot;:&quot;px&quot;,&quot;size&quot;:10,&quot;sizes&quot;:[]}}\" data-widget_type=\"media-carousel.default\">\n\t\t\t\t\t\t\t\t\t\t<div class=\"elementor-main-swiper swiper\" role=\"region\" aria-roledescription=\"carousel\" aria-label=\"Slides\">\n\t\t\t\t<div class=\"swiper-wrapper\">\n\t\t\t\t\t\t\t\t\t\t\t<div class=\"swiper-slide\" role=\"group\" aria-roledescription=\"slide\">\n\t\t\t\t\t\t\t\t\t<div class=\"elementor-carousel-image\" role=\"img\" aria-label=\"\u00c1rvorAR-TE\" style=\"background-image: url(&#039;https:\/\/aegnunes.pt\/wp-content\/uploads\/2026\/03\/20260326_110752-scaled.jpg&#039;)\">\n\n\t\t\t\n\t\t\t\t\t<\/div>\n\t\t\t\t\t\t\t\t<\/div>\n\t\t\t\t\t\t\t\t\t\t\t<div class=\"swiper-slide\" role=\"group\" aria-roledescription=\"slide\">\n\t\t\t\t\t\t\t\t\t<div class=\"elementor-carousel-image\" role=\"img\" aria-label=\"20260326_110705\" style=\"background-image: url(&#039;https:\/\/aegnunes.pt\/wp-content\/uploads\/2026\/03\/20260326_110705-scaled.jpg&#039;)\">\n\n\t\t\t\n\t\t\t\t\t<\/div>\n\t\t\t\t\t\t\t\t<\/div>\n\t\t\t\t\t\t\t\t\t\t\t<div class=\"swiper-slide\" role=\"group\" aria-roledescription=\"slide\">\n\t\t\t\t\t\t\t\t\t<div class=\"elementor-carousel-image\" role=\"img\" aria-label=\"20260326_110709\" style=\"background-image: url(&#039;https:\/\/aegnunes.pt\/wp-content\/uploads\/2026\/03\/20260326_110709-scaled.jpg&#039;)\">\n\n\t\t\t\n\t\t\t\t\t<\/div>\n\t\t\t\t\t\t\t\t<\/div>\n\t\t\t\t\t\t\t\t\t\t\t<div class=\"swiper-slide\" role=\"group\" aria-roledescription=\"slide\">\n\t\t\t\t\t\t\t\t\t<div class=\"elementor-carousel-image\" role=\"img\" aria-label=\"20260326_110654\" style=\"background-image: url(&#039;https:\/\/aegnunes.pt\/wp-content\/uploads\/2026\/03\/20260326_110654-scaled.jpg&#039;)\">\n\n\t\t\t\n\t\t\t\t\t<\/div>\n\t\t\t\t\t\t\t\t<\/div>\n\t\t\t\t\t\t\t\t\t\t\t<div class=\"swiper-slide\" role=\"group\" aria-roledescription=\"slide\">\n\t\t\t\t\t\t\t\t\t<div class=\"elementor-carousel-image\" role=\"img\" aria-label=\"20260326_110611\" style=\"background-image: url(&#039;https:\/\/aegnunes.pt\/wp-content\/uploads\/2026\/03\/20260326_110611-scaled.jpg&#039;)\">\n\n\t\t\t\n\t\t\t\t\t<\/div>\n\t\t\t\t\t\t\t\t<\/div>\n\t\t\t\t\t\t\t\t\t\t\t<div class=\"swiper-slide\" role=\"group\" aria-roledescription=\"slide\">\n\t\t\t\t\t\t\t\t\t<div class=\"elementor-carousel-image\" role=\"img\" aria-label=\"20260326_110126\" style=\"background-image: url(&#039;https:\/\/aegnunes.pt\/wp-content\/uploads\/2026\/03\/20260326_110126-scaled.jpg&#039;)\">\n\n\t\t\t\n\t\t\t\t\t<\/div>\n\t\t\t\t\t\t\t\t<\/div>\n\t\t\t\t\t\t\t\t\t\t\t<div class=\"swiper-slide\" role=\"group\" aria-roledescription=\"slide\">\n\t\t\t\t\t\t\t\t\t<div class=\"elementor-carousel-image\" role=\"img\" aria-label=\"20260326_110547\" style=\"background-image: url(&#039;https:\/\/aegnunes.pt\/wp-content\/uploads\/2026\/03\/20260326_110547-scaled.jpg&#039;)\">\n\n\t\t\t\n\t\t\t\t\t<\/div>\n\t\t\t\t\t\t\t\t<\/div>\n\t\t\t\t\t\t\t\t\t\t\t<div class=\"swiper-slide\" role=\"group\" aria-roledescription=\"slide\">\n\t\t\t\t\t\t\t\t\t<div class=\"elementor-carousel-image\" role=\"img\" aria-label=\"20260326_110148\" style=\"background-image: url(&#039;https:\/\/aegnunes.pt\/wp-content\/uploads\/2026\/03\/20260326_110148-scaled.jpg&#039;)\">\n\n\t\t\t\n\t\t\t\t\t<\/div>\n\t\t\t\t\t\t\t\t<\/div>\n\t\t\t\t\t\t\t\t\t\t\t<div class=\"swiper-slide\" role=\"group\" aria-roledescription=\"slide\">\n\t\t\t\t\t\t\t\t\t<div class=\"elementor-carousel-image\" role=\"img\" aria-label=\"20260326_110150\" style=\"background-image: url(&#039;https:\/\/aegnunes.pt\/wp-content\/uploads\/2026\/03\/20260326_110150-scaled.jpg&#039;)\">\n\n\t\t\t\n\t\t\t\t\t<\/div>\n\t\t\t\t\t\t\t\t<\/div>\n\t\t\t\t\t\t\t\t\t\t\t<div class=\"swiper-slide\" role=\"group\" aria-roledescription=\"slide\">\n\t\t\t\t\t\t\t\t\t<div class=\"elementor-carousel-image\" role=\"img\" aria-label=\"20260326_110153\" style=\"background-image: url(&#039;https:\/\/aegnunes.pt\/wp-content\/uploads\/2026\/03\/20260326_110153-scaled.jpg&#039;)\">\n\n\t\t\t\n\t\t\t\t\t<\/div>\n\t\t\t\t\t\t\t\t<\/div>\n\t\t\t\t\t\t\t\t\t\t\t<div class=\"swiper-slide\" role=\"group\" aria-roledescription=\"slide\">\n\t\t\t\t\t\t\t\t\t<div class=\"elementor-carousel-image\" role=\"img\" aria-label=\"20260326_110208\" style=\"background-image: url(&#039;https:\/\/aegnunes.pt\/wp-content\/uploads\/2026\/03\/20260326_110208-scaled.jpg&#039;)\">\n\n\t\t\t\n\t\t\t\t\t<\/div>\n\t\t\t\t\t\t\t\t<\/div>\n\t\t\t\t\t\t\t\t\t\t\t<div class=\"swiper-slide\" role=\"group\" aria-roledescription=\"slide\">\n\t\t\t\t\t\t\t\t\t<div class=\"elementor-carousel-image\" role=\"img\" aria-label=\"20260326_110220\" style=\"background-image: url(&#039;https:\/\/aegnunes.pt\/wp-content\/uploads\/2026\/03\/20260326_110220-scaled.jpg&#039;)\">\n\n\t\t\t\n\t\t\t\t\t<\/div>\n\t\t\t\t\t\t\t\t<\/div>\n\t\t\t\t\t\t\t\t\t\t\t<div class=\"swiper-slide\" role=\"group\" aria-roledescription=\"slide\">\n\t\t\t\t\t\t\t\t\t<div class=\"elementor-carousel-image\" role=\"img\" aria-label=\"20260326_110231\" style=\"background-image: url(&#039;https:\/\/aegnunes.pt\/wp-content\/uploads\/2026\/03\/20260326_110231-scaled.jpg&#039;)\">\n\n\t\t\t\n\t\t\t\t\t<\/div>\n\t\t\t\t\t\t\t\t<\/div>\n\t\t\t\t\t\t\t\t\t\t\t<div class=\"swiper-slide\" role=\"group\" aria-roledescription=\"slide\">\n\t\t\t\t\t\t\t\t\t<div class=\"elementor-carousel-image\" role=\"img\" aria-label=\"20260326_110235\" style=\"background-image: url(&#039;https:\/\/aegnunes.pt\/wp-content\/uploads\/2026\/03\/20260326_110235-scaled.jpg&#039;)\">\n\n\t\t\t\n\t\t\t\t\t<\/div>\n\t\t\t\t\t\t\t\t<\/div>\n\t\t\t\t\t\t\t\t\t\t\t<div class=\"swiper-slide\" role=\"group\" aria-roledescription=\"slide\">\n\t\t\t\t\t\t\t\t\t<div class=\"elementor-carousel-image\" role=\"img\" aria-label=\"20260326_110547\" style=\"background-image: url(&#039;https:\/\/aegnunes.pt\/wp-content\/uploads\/2026\/03\/20260326_110547-scaled.jpg&#039;)\">\n\n\t\t\t\n\t\t\t\t\t<\/div>\n\t\t\t\t\t\t\t\t<\/div>\n\t\t\t\t\t\t\t\t\t\t\t<div class=\"swiper-slide\" role=\"group\" aria-roledescription=\"slide\">\n\t\t\t\t\t\t\t\t\t<div class=\"elementor-carousel-image\" role=\"img\" aria-label=\"20260331_120123\" style=\"background-image: url(&#039;https:\/\/aegnunes.pt\/wp-content\/uploads\/2026\/04\/20260331_120123-scaled.jpg&#039;)\">\n\n\t\t\t\n\t\t\t\t\t<\/div>\n\t\t\t\t\t\t\t\t<\/div>\n\t\t\t\t\t\t\t\t\t\t\t<div class=\"swiper-slide\" role=\"group\" aria-roledescription=\"slide\">\n\t\t\t\t\t\t\t\t\t<div class=\"elementor-carousel-image\" role=\"img\" aria-label=\"20260331_120130\" style=\"background-image: url(&#039;https:\/\/aegnunes.pt\/wp-content\/uploads\/2026\/04\/20260331_120130-scaled.jpg&#039;)\">\n\n\t\t\t\n\t\t\t\t\t<\/div>\n\t\t\t\t\t\t\t\t<\/div>\n\t\t\t\t\t\t\t\t\t\t\t<div class=\"swiper-slide\" role=\"group\" aria-roledescription=\"slide\">\n\t\t\t\t\t\t\t\t\t<div class=\"elementor-carousel-image\" role=\"img\" aria-label=\"20260331_120136\" style=\"background-image: url(&#039;https:\/\/aegnunes.pt\/wp-content\/uploads\/2026\/04\/20260331_120136-scaled.jpg&#039;)\">\n\n\t\t\t\n\t\t\t\t\t<\/div>\n\t\t\t\t\t\t\t\t<\/div>\n\t\t\t\t\t\t\t\t\t\t\t<div class=\"swiper-slide\" role=\"group\" aria-roledescription=\"slide\">\n\t\t\t\t\t\t\t\t\t<div class=\"elementor-carousel-image\" role=\"img\" aria-label=\"20260331_120147\" style=\"background-image: url(&#039;https:\/\/aegnunes.pt\/wp-content\/uploads\/2026\/04\/20260331_120147-scaled.jpg&#039;)\">\n\n\t\t\t\n\t\t\t\t\t<\/div>\n\t\t\t\t\t\t\t\t<\/div>\n\t\t\t\t\t\t\t\t\t\t\t<div class=\"swiper-slide\" role=\"group\" aria-roledescription=\"slide\">\n\t\t\t\t\t\t\t\t\t<div class=\"elementor-carousel-image\" role=\"img\" aria-label=\"20260331_120155\" style=\"background-image: url(&#039;https:\/\/aegnunes.pt\/wp-content\/uploads\/2026\/04\/20260331_120155-scaled.jpg&#039;)\">\n\n\t\t\t\n\t\t\t\t\t<\/div>\n\t\t\t\t\t\t\t\t<\/div>\n\t\t\t\t\t\t\t\t\t\t\t<div class=\"swiper-slide\" role=\"group\" aria-roledescription=\"slide\">\n\t\t\t\t\t\t\t\t\t<div class=\"elementor-carousel-image\" role=\"img\" aria-label=\"20260331_120203\" style=\"background-image: url(&#039;https:\/\/aegnunes.pt\/wp-content\/uploads\/2026\/04\/20260331_120203-scaled.jpg&#039;)\">\n\n\t\t\t\n\t\t\t\t\t<\/div>\n\t\t\t\t\t\t\t\t<\/div>\n\t\t\t\t\t\t\t\t\t\t\t<div class=\"swiper-slide\" role=\"group\" aria-roledescription=\"slide\">\n\t\t\t\t\t\t\t\t\t<div class=\"elementor-carousel-image\" role=\"img\" aria-label=\"20260331_120210\" style=\"background-image: url(&#039;https:\/\/aegnunes.pt\/wp-content\/uploads\/2026\/04\/20260331_120210-scaled.jpg&#039;)\">\n\n\t\t\t\n\t\t\t\t\t<\/div>\n\t\t\t\t\t\t\t\t<\/div>\n\t\t\t\t\t\t\t\t\t\t\t<div class=\"swiper-slide\" role=\"group\" aria-roledescription=\"slide\">\n\t\t\t\t\t\t\t\t\t<div class=\"elementor-carousel-image\" role=\"img\" aria-label=\"20260331_120216\" style=\"background-image: url(&#039;https:\/\/aegnunes.pt\/wp-content\/uploads\/2026\/04\/20260331_120216-scaled.jpg&#039;)\">\n\n\t\t\t\n\t\t\t\t\t<\/div>\n\t\t\t\t\t\t\t\t<\/div>\n\t\t\t\t\t\t\t\t\t\t\t<div class=\"swiper-slide\" role=\"group\" aria-roledescription=\"slide\">\n\t\t\t\t\t\t\t\t\t<div class=\"elementor-carousel-image\" role=\"img\" aria-label=\"20260331_120105\" style=\"background-image: url(&#039;https:\/\/aegnunes.pt\/wp-content\/uploads\/2026\/04\/20260331_120105-scaled.jpg&#039;)\">\n\n\t\t\t\n\t\t\t\t\t<\/div>\n\t\t\t\t\t\t\t\t<\/div>\n\t\t\t\t\t\t\t\t\t\t\t<div class=\"swiper-slide\" role=\"group\" aria-roledescription=\"slide\">\n\t\t\t\t\t\t\t\t\t<div class=\"elementor-carousel-image\" role=\"img\" aria-label=\"20260331_120059\" style=\"background-image: url(&#039;https:\/\/aegnunes.pt\/wp-content\/uploads\/2026\/04\/20260331_120059-scaled.jpg&#039;)\">\n\n\t\t\t\n\t\t\t\t\t<\/div>\n\t\t\t\t\t\t\t\t<\/div>\n\t\t\t\t\t\t\t\t\t\t\t<div class=\"swiper-slide\" role=\"group\" aria-roledescription=\"slide\">\n\t\t\t\t\t\t\t\t\t<div class=\"elementor-carousel-image\" role=\"img\" aria-label=\"20260331_120055\" style=\"background-image: url(&#039;https:\/\/aegnunes.pt\/wp-content\/uploads\/2026\/04\/20260331_120055-scaled.jpg&#039;)\">\n\n\t\t\t\n\t\t\t\t\t<\/div>\n\t\t\t\t\t\t\t\t<\/div>\n\t\t\t\t\t\t\t\t\t\t\t<div class=\"swiper-slide\" role=\"group\" aria-roledescription=\"slide\">\n\t\t\t\t\t\t\t\t\t<div class=\"elementor-carousel-image\" role=\"img\" aria-label=\"20260331_120041\" style=\"background-image: url(&#039;https:\/\/aegnunes.pt\/wp-content\/uploads\/2026\/04\/20260331_120041-scaled.jpg&#039;)\">\n\n\t\t\t\n\t\t\t\t\t<\/div>\n\t\t\t\t\t\t\t\t<\/div>\n\t\t\t\t\t\t\t\t\t\t\t<div class=\"swiper-slide\" role=\"group\" aria-roledescription=\"slide\">\n\t\t\t\t\t\t\t\t\t<div class=\"elementor-carousel-image\" role=\"img\" aria-label=\"20260331_120035\" style=\"background-image: url(&#039;https:\/\/aegnunes.pt\/wp-content\/uploads\/2026\/04\/20260331_120035-scaled.jpg&#039;)\">\n\n\t\t\t\n\t\t\t\t\t<\/div>\n\t\t\t\t\t\t\t\t<\/div>\n\t\t\t\t\t\t\t\t\t\t\t<div class=\"swiper-slide\" role=\"group\" aria-roledescription=\"slide\">\n\t\t\t\t\t\t\t\t\t<div class=\"elementor-carousel-image\" role=\"img\" aria-label=\"20260331_115946\" style=\"background-image: url(&#039;https:\/\/aegnunes.pt\/wp-content\/uploads\/2026\/04\/20260331_115946-scaled.jpg&#039;)\">\n\n\t\t\t\n\t\t\t\t\t<\/div>\n\t\t\t\t\t\t\t\t<\/div>\n\t\t\t\t\t\t\t\t\t\t\t<div class=\"swiper-slide\" role=\"group\" aria-roledescription=\"slide\">\n\t\t\t\t\t\t\t\t\t<div class=\"elementor-carousel-image\" role=\"img\" aria-label=\"20260331_115940\" style=\"background-image: url(&#039;https:\/\/aegnunes.pt\/wp-content\/uploads\/2026\/04\/20260331_115940-scaled.jpg&#039;)\">\n\n\t\t\t\n\t\t\t\t\t<\/div>\n\t\t\t\t\t\t\t\t<\/div>\n\t\t\t\t\t\t\t\t\t\t\t<div class=\"swiper-slide\" role=\"group\" aria-roledescription=\"slide\">\n\t\t\t\t\t\t\t\t\t<div class=\"elementor-carousel-image\" role=\"img\" aria-label=\"20260331_115936\" style=\"background-image: url(&#039;https:\/\/aegnunes.pt\/wp-content\/uploads\/2026\/04\/20260331_115936-scaled.jpg&#039;)\">\n\n\t\t\t\n\t\t\t\t\t<\/div>\n\t\t\t\t\t\t\t\t<\/div>\n\t\t\t\t\t\t\t\t\t<\/div>\n\t\t\t\t\t\t\t\t\t\t\t\t\t\t\t<div class=\"elementor-swiper-button elementor-swiper-button-prev\" role=\"button\" tabindex=\"0\" aria-label=\"Previous\">\n\t\t\t\t\t\t\t<svg aria-hidden=\"true\" class=\"e-font-icon-svg e-eicon-chevron-left\" viewBox=\"0 0 1000 1000\" xmlns=\"http:\/\/www.w3.org\/2000\/svg\"><path d=\"M646 125C629 125 613 133 604 142L308 442C296 454 292 471 292 487 292 504 296 521 308 533L604 854C617 867 629 875 646 875 663 875 679 871 692 858 704 846 713 829 713 812 713 796 708 779 692 767L438 487 692 225C700 217 708 204 708 187 708 171 704 154 692 142 675 129 663 125 646 125Z\"><\/path><\/svg>\t\t\t\t\t\t<\/div>\n\t\t\t\t\t\t<div class=\"elementor-swiper-button elementor-swiper-button-next\" role=\"button\" tabindex=\"0\" aria-label=\"Next\">\n\t\t\t\t\t\t\t<svg aria-hidden=\"true\" class=\"e-font-icon-svg e-eicon-chevron-right\" viewBox=\"0 0 1000 1000\" xmlns=\"http:\/\/www.w3.org\/2000\/svg\"><path d=\"M696 533C708 521 713 504 713 487 713 471 708 454 696 446L400 146C388 133 375 125 354 125 338 125 325 129 313 142 300 154 292 171 292 187 292 204 296 221 308 233L563 492 304 771C292 783 288 800 288 817 288 833 296 850 308 863 321 871 338 875 354 875 371 875 388 867 400 854L696 533Z\"><\/path><\/svg>\t\t\t\t\t\t<\/div>\n\t\t\t\t\t\t\t\t\t\t\t\t\t\t\t\t<div class=\"swiper-pagination\"><\/div>\n\t\t\t\t\t\t\t\t\t\t\t\t<\/div>\n\t\t\t\t\t\t\t\t<\/div>\n\t\t\t\t\t<\/div>\n\t\t\t\t<\/div>\n\t\t<div class=\"elementor-element elementor-element-86add77 e-flex e-con-boxed e-con e-parent\" data-id=\"86add77\" data-element_type=\"container\">\n\t\t\t\t\t<div class=\"e-con-inner\">\n\t\t\t\t<div class=\"elementor-element elementor-element-d507a51 elementor-align-right elementor-icon-list--layout-traditional elementor-list-item-link-full_width elementor-widget elementor-widget-icon-list\" data-id=\"d507a51\" data-element_type=\"widget\" data-widget_type=\"icon-list.default\">\n\t\t\t\t\t\t\t<ul class=\"elementor-icon-list-items\">\n\t\t\t\t\t\t\t<li class=\"elementor-icon-list-item\">\n\t\t\t\t\t\t\t\t\t\t\t<a href=\"https:\/\/aegnunes.pt\/?page_id=1063\">\n\n\t\t\t\t\t\t\t\t\t\t\t\t<span class=\"elementor-icon-list-icon\">\n\t\t\t\t\t\t\t<svg aria-hidden=\"true\" class=\"e-font-icon-svg e-far-arrow-alt-circle-left\" viewBox=\"0 0 512 512\" xmlns=\"http:\/\/www.w3.org\/2000\/svg\"><path d=\"M8 256c0 137 111 248 248 248s248-111 248-248S393 8 256 8 8 119 8 256zm448 0c0 110.5-89.5 200-200 200S56 366.5 56 256 145.5 56 256 56s200 89.5 200 200zm-72-20v40c0 6.6-5.4 12-12 12H256v67c0 10.7-12.9 16-20.5 8.5l-99-99c-4.7-4.7-4.7-12.3 0-17l99-99c7.6-7.6 20.5-2.2 20.5 8.5v67h116c6.6 0 12 5.4 12 12z\"><\/path><\/svg>\t\t\t\t\t\t<\/span>\n\t\t\t\t\t\t\t\t\t\t<span class=\"elementor-icon-list-text\">Voltar<\/span>\n\t\t\t\t\t\t\t\t\t\t\t<\/a>\n\t\t\t\t\t\t\t\t\t<\/li>\n\t\t\t\t\t\t<\/ul>\n\t\t\t\t\t\t<\/div>\n\t\t\t\t\t<\/div>\n\t\t\t\t<\/div>\n\t\t<div class=\"elementor-element elementor-element-6fc85c3 e-flex e-con-boxed e-con e-parent\" data-id=\"6fc85c3\" data-element_type=\"container\">\n\t\t\t\t\t<div class=\"e-con-inner\">\n\t\t\t\t<div class=\"elementor-element elementor-element-9703fca elementor-widget elementor-widget-spacer\" data-id=\"9703fca\" data-element_type=\"widget\" data-widget_type=\"spacer.default\">\n\t\t\t\t\t\t\t<div class=\"elementor-spacer\">\n\t\t\t<div class=\"elementor-spacer-inner\"><\/div>\n\t\t<\/div>\n\t\t\t\t\t\t<\/div>\n\t\t\t\t\t<\/div>\n\t\t\t\t<\/div>\n\t\t\t\t<\/div>\n\t\t","protected":false},"excerpt":{"rendered":"<p>&#8220;\u00c1rvorAR-TE&#8221; \u00a0 Realizou-se, entre os dias 18 e 31 de mar\u00e7o, a exposi\u00e7\u00e3o de trabalhos intitulada \u201cArvorAR-TE\u201d, no \u00e2mbito das disciplinas de Educa\u00e7\u00e3o Visual e Educa\u00e7\u00e3o Tecnol\u00f3gica, assinalando o Dia Mundial da \u00c1rvore. Nesta mostra estiveram patentes diversos projetos desenvolvidos pelos alunos do 2.\u00ba e 3.\u00ba ciclos, evidenciando a aplica\u00e7\u00e3o de m\u00faltiplas t\u00e9cnicas e linguagens [&hellip;]<\/p>\n","protected":false},"author":1,"featured_media":0,"parent":0,"menu_order":0,"comment_status":"closed","ping_status":"closed","template":"","meta":{"footnotes":""},"class_list":["post-2405","page","type-page","status-publish","hentry"],"_links":{"self":[{"href":"https:\/\/aegnunes.pt\/index.php?rest_route=\/wp\/v2\/pages\/2405","targetHints":{"allow":["GET"]}}],"collection":[{"href":"https:\/\/aegnunes.pt\/index.php?rest_route=\/wp\/v2\/pages"}],"about":[{"href":"https:\/\/aegnunes.pt\/index.php?rest_route=\/wp\/v2\/types\/page"}],"author":[{"embeddable":true,"href":"https:\/\/aegnunes.pt\/index.php?rest_route=\/wp\/v2\/users\/1"}],"replies":[{"embeddable":true,"href":"https:\/\/aegnunes.pt\/index.php?rest_route=%2Fwp%2Fv2%2Fcomments&post=2405"}],"version-history":[{"count":13,"href":"https:\/\/aegnunes.pt\/index.php?rest_route=\/wp\/v2\/pages\/2405\/revisions"}],"predecessor-version":[{"id":2615,"href":"https:\/\/aegnunes.pt\/index.php?rest_route=\/wp\/v2\/pages\/2405\/revisions\/2615"}],"wp:attachment":[{"href":"https:\/\/aegnunes.pt\/index.php?rest_route=%2Fwp%2Fv2%2Fmedia&parent=2405"}],"curies":[{"name":"wp","href":"https:\/\/api.w.org\/{rel}","templated":true}]}}