{"id":1985,"date":"2026-01-14T11:57:57","date_gmt":"2026-01-14T11:57:57","guid":{"rendered":"https:\/\/aegnunes.pt\/?page_id=1985"},"modified":"2026-01-14T20:45:35","modified_gmt":"2026-01-14T20:45:35","slug":"concurso-bebras","status":"publish","type":"page","link":"https:\/\/aegnunes.pt\/?page_id=1985","title":{"rendered":"Concurso Bebras"},"content":{"rendered":"\t\t<div data-elementor-type=\"wp-page\" data-elementor-id=\"1985\" class=\"elementor elementor-1985\" data-elementor-post-type=\"page\">\n\t\t\t\t<div class=\"elementor-element elementor-element-601aec6 e-flex e-con-boxed e-con e-parent\" data-id=\"601aec6\" data-element_type=\"container\" data-settings=\"{&quot;shape_divider_bottom&quot;:&quot;mountains&quot;}\">\n\t\t\t\t\t<div class=\"e-con-inner\">\n\t\t\t\t<div class=\"elementor-shape elementor-shape-bottom\" aria-hidden=\"true\" data-negative=\"false\">\n\t\t\t<svg xmlns=\"http:\/\/www.w3.org\/2000\/svg\" viewBox=\"0 0 1000 100\" preserveAspectRatio=\"none\">\n\t<path class=\"elementor-shape-fill\" opacity=\"0.33\" d=\"M473,67.3c-203.9,88.3-263.1-34-320.3,0C66,119.1,0,59.7,0,59.7V0h1000v59.7 c0,0-62.1,26.1-94.9,29.3c-32.8,3.3-62.8-12.3-75.8-22.1C806,49.6,745.3,8.7,694.9,4.7S492.4,59,473,67.3z\"\/>\n\t<path class=\"elementor-shape-fill\" opacity=\"0.66\" d=\"M734,67.3c-45.5,0-77.2-23.2-129.1-39.1c-28.6-8.7-150.3-10.1-254,39.1 s-91.7-34.4-149.2,0C115.7,118.3,0,39.8,0,39.8V0h1000v36.5c0,0-28.2-18.5-92.1-18.5C810.2,18.1,775.7,67.3,734,67.3z\"\/>\n\t<path class=\"elementor-shape-fill\" d=\"M766.1,28.9c-200-57.5-266,65.5-395.1,19.5C242,1.8,242,5.4,184.8,20.6C128,35.8,132.3,44.9,89.9,52.5C28.6,63.7,0,0,0,0 h1000c0,0-9.9,40.9-83.6,48.1S829.6,47,766.1,28.9z\"\/>\n<\/svg>\t\t<\/div>\n\t\t\t\t<div class=\"elementor-element elementor-element-3c6f6fd elementor-widget elementor-widget-heading\" data-id=\"3c6f6fd\" data-element_type=\"widget\" data-widget_type=\"heading.default\">\n\t\t\t\t\t<h2 class=\"elementor-heading-title elementor-size-default\">Concurso Bebras - Destaque Nacional do AEGN<\/h2>\t\t\t\t<\/div>\n\t\t\t\t<div class=\"elementor-element elementor-element-428ecec elementor-widget elementor-widget-spacer\" data-id=\"428ecec\" data-element_type=\"widget\" data-widget_type=\"spacer.default\">\n\t\t\t\t\t\t\t<div class=\"elementor-spacer\">\n\t\t\t<div class=\"elementor-spacer-inner\"><\/div>\n\t\t<\/div>\n\t\t\t\t\t\t<\/div>\n\t\t<div class=\"elementor-element elementor-element-4375558 e-con-full e-flex e-con e-child\" data-id=\"4375558\" data-element_type=\"container\">\n\t\t\t\t<div class=\"elementor-element elementor-element-ff4a6b3 elementor-widget elementor-widget-text-editor\" data-id=\"ff4a6b3\" data-element_type=\"widget\" data-widget_type=\"text-editor.default\">\n\t\t\t\t\t\t\t\t\t<p><span style=\"color: #000000;\"><strong>Bebras &#8211; Lista Escola resultados<\/strong><\/span><\/p>\t\t\t\t\t\t\t\t<\/div>\n\t\t\t\t<\/div>\n\t\t\t\t<div class=\"elementor-element elementor-element-4d5482d elementor-icon-list--layout-traditional elementor-list-item-link-full_width elementor-widget elementor-widget-icon-list\" data-id=\"4d5482d\" data-element_type=\"widget\" data-widget_type=\"icon-list.default\">\n\t\t\t\t\t\t\t<ul class=\"elementor-icon-list-items\">\n\t\t\t\t\t\t\t<li class=\"elementor-icon-list-item\">\n\t\t\t\t\t\t\t\t\t\t\t<a href=\"https:\/\/aegnunes.pt\/wp-content\/uploads\/2026\/01\/Bebras-Lista-Escola-resultados.pdf\" target=\"_blank\">\n\n\t\t\t\t\t\t\t\t\t\t\t\t<span class=\"elementor-icon-list-icon\">\n\t\t\t\t\t\t\t<svg aria-hidden=\"true\" class=\"e-font-icon-svg e-far-file-pdf\" viewBox=\"0 0 384 512\" xmlns=\"http:\/\/www.w3.org\/2000\/svg\"><path d=\"M369.9 97.9L286 14C277 5 264.8-.1 252.1-.1H48C21.5 0 0 21.5 0 48v416c0 26.5 21.5 48 48 48h288c26.5 0 48-21.5 48-48V131.9c0-12.7-5.1-25-14.1-34zM332.1 128H256V51.9l76.1 76.1zM48 464V48h160v104c0 13.3 10.7 24 24 24h104v288H48zm250.2-143.7c-12.2-12-47-8.7-64.4-6.5-17.2-10.5-28.7-25-36.8-46.3 3.9-16.1 10.1-40.6 5.4-56-4.2-26.2-37.8-23.6-42.6-5.9-4.4 16.1-.4 38.5 7 67.1-10 23.9-24.9 56-35.4 74.4-20 10.3-47 26.2-51 46.2-3.3 15.8 26 55.2 76.1-31.2 22.4-7.4 46.8-16.5 68.4-20.1 18.9 10.2 41 17 55.8 17 25.5 0 28-28.2 17.5-38.7zm-198.1 77.8c5.1-13.7 24.5-29.5 30.4-35-19 30.3-30.4 35.7-30.4 35zm81.6-190.6c7.4 0 6.7 32.1 1.8 40.8-4.4-13.9-4.3-40.8-1.8-40.8zm-24.4 136.6c9.7-16.9 18-37 24.7-54.7 8.3 15.1 18.9 27.2 30.1 35.5-20.8 4.3-38.9 13.1-54.8 19.2zm131.6-5s-5 6-37.3-7.8c35.1-2.6 40.9 5.4 37.3 7.8z\"><\/path><\/svg>\t\t\t\t\t\t<\/span>\n\t\t\t\t\t\t\t\t\t\t<span class=\"elementor-icon-list-text\">Bebras - Lista resultados 2\u00baciclo<\/span>\n\t\t\t\t\t\t\t\t\t\t\t<\/a>\n\t\t\t\t\t\t\t\t\t<\/li>\n\t\t\t\t\t\t\t\t<li class=\"elementor-icon-list-item\">\n\t\t\t\t\t\t\t\t\t\t\t<a href=\"https:\/\/aegnunes.pt\/wp-content\/uploads\/2026\/01\/Bebras-Lista-Escola-resultados-8o-ano.pdf\" target=\"_blank\">\n\n\t\t\t\t\t\t\t\t\t\t\t\t<span class=\"elementor-icon-list-icon\">\n\t\t\t\t\t\t\t<svg aria-hidden=\"true\" class=\"e-font-icon-svg e-far-file-pdf\" viewBox=\"0 0 384 512\" xmlns=\"http:\/\/www.w3.org\/2000\/svg\"><path d=\"M369.9 97.9L286 14C277 5 264.8-.1 252.1-.1H48C21.5 0 0 21.5 0 48v416c0 26.5 21.5 48 48 48h288c26.5 0 48-21.5 48-48V131.9c0-12.7-5.1-25-14.1-34zM332.1 128H256V51.9l76.1 76.1zM48 464V48h160v104c0 13.3 10.7 24 24 24h104v288H48zm250.2-143.7c-12.2-12-47-8.7-64.4-6.5-17.2-10.5-28.7-25-36.8-46.3 3.9-16.1 10.1-40.6 5.4-56-4.2-26.2-37.8-23.6-42.6-5.9-4.4 16.1-.4 38.5 7 67.1-10 23.9-24.9 56-35.4 74.4-20 10.3-47 26.2-51 46.2-3.3 15.8 26 55.2 76.1-31.2 22.4-7.4 46.8-16.5 68.4-20.1 18.9 10.2 41 17 55.8 17 25.5 0 28-28.2 17.5-38.7zm-198.1 77.8c5.1-13.7 24.5-29.5 30.4-35-19 30.3-30.4 35.7-30.4 35zm81.6-190.6c7.4 0 6.7 32.1 1.8 40.8-4.4-13.9-4.3-40.8-1.8-40.8zm-24.4 136.6c9.7-16.9 18-37 24.7-54.7 8.3 15.1 18.9 27.2 30.1 35.5-20.8 4.3-38.9 13.1-54.8 19.2zm131.6-5s-5 6-37.3-7.8c35.1-2.6 40.9 5.4 37.3 7.8z\"><\/path><\/svg>\t\t\t\t\t\t<\/span>\n\t\t\t\t\t\t\t\t\t\t<span class=\"elementor-icon-list-text\">Bebras - Lista resultados 8\u00ba ano<\/span>\n\t\t\t\t\t\t\t\t\t\t\t<\/a>\n\t\t\t\t\t\t\t\t\t<\/li>\n\t\t\t\t\t\t\t\t<li class=\"elementor-icon-list-item\">\n\t\t\t\t\t\t\t\t\t\t\t<a href=\"https:\/\/aegnunes.pt\/wp-content\/uploads\/2026\/01\/Bebras-Lista-Escola-resultados-9o-ano.pdf\" target=\"_blank\">\n\n\t\t\t\t\t\t\t\t\t\t\t\t<span class=\"elementor-icon-list-icon\">\n\t\t\t\t\t\t\t<svg aria-hidden=\"true\" class=\"e-font-icon-svg e-far-file-pdf\" viewBox=\"0 0 384 512\" xmlns=\"http:\/\/www.w3.org\/2000\/svg\"><path d=\"M369.9 97.9L286 14C277 5 264.8-.1 252.1-.1H48C21.5 0 0 21.5 0 48v416c0 26.5 21.5 48 48 48h288c26.5 0 48-21.5 48-48V131.9c0-12.7-5.1-25-14.1-34zM332.1 128H256V51.9l76.1 76.1zM48 464V48h160v104c0 13.3 10.7 24 24 24h104v288H48zm250.2-143.7c-12.2-12-47-8.7-64.4-6.5-17.2-10.5-28.7-25-36.8-46.3 3.9-16.1 10.1-40.6 5.4-56-4.2-26.2-37.8-23.6-42.6-5.9-4.4 16.1-.4 38.5 7 67.1-10 23.9-24.9 56-35.4 74.4-20 10.3-47 26.2-51 46.2-3.3 15.8 26 55.2 76.1-31.2 22.4-7.4 46.8-16.5 68.4-20.1 18.9 10.2 41 17 55.8 17 25.5 0 28-28.2 17.5-38.7zm-198.1 77.8c5.1-13.7 24.5-29.5 30.4-35-19 30.3-30.4 35.7-30.4 35zm81.6-190.6c7.4 0 6.7 32.1 1.8 40.8-4.4-13.9-4.3-40.8-1.8-40.8zm-24.4 136.6c9.7-16.9 18-37 24.7-54.7 8.3 15.1 18.9 27.2 30.1 35.5-20.8 4.3-38.9 13.1-54.8 19.2zm131.6-5s-5 6-37.3-7.8c35.1-2.6 40.9 5.4 37.3 7.8z\"><\/path><\/svg>\t\t\t\t\t\t<\/span>\n\t\t\t\t\t\t\t\t\t\t<span class=\"elementor-icon-list-text\">Bebras - Lista resultados 9\u00ba ano<\/span>\n\t\t\t\t\t\t\t\t\t\t\t<\/a>\n\t\t\t\t\t\t\t\t\t<\/li>\n\t\t\t\t\t\t<\/ul>\n\t\t\t\t\t\t<\/div>\n\t\t\t\t<div class=\"elementor-element elementor-element-4f1acd5 elementor-widget-divider--view-line elementor-widget elementor-widget-divider\" data-id=\"4f1acd5\" data-element_type=\"widget\" data-widget_type=\"divider.default\">\n\t\t\t\t\t\t\t<div class=\"elementor-divider\">\n\t\t\t<span class=\"elementor-divider-separator\">\n\t\t\t\t\t\t<\/span>\n\t\t<\/div>\n\t\t\t\t\t\t<\/div>\n\t\t<div class=\"elementor-element elementor-element-95a005c e-con-full e-flex e-con e-child\" data-id=\"95a005c\" data-element_type=\"container\">\n\t\t<div class=\"elementor-element elementor-element-4037e8f e-grid e-con-full e-con e-child\" data-id=\"4037e8f\" data-element_type=\"container\">\n\t\t\t\t<div class=\"elementor-element elementor-element-35eecb4 elementor-widget elementor-widget-text-editor\" data-id=\"35eecb4\" data-element_type=\"widget\" data-widget_type=\"text-editor.default\">\n\t\t\t\t\t\t\t\t\t<p style=\"font-weight: 400;\"><strong><span style=\"color: #000000;\">Concurso Bebras | Destaque Nacional do AEGN<\/span><\/strong><\/p><p style=\"font-weight: 400;\"><span style=\"color: #000000;\">Agrupamento de Escolas Gon\u00e7alo Nunes em grande destaque no Concurso Bebras 2025!<\/span><\/p><p style=\"font-weight: 400;\"><span style=\"color: #000000;\">O Agrupamento de Escolas Gon\u00e7alo Nunes participou no Concurso Bebras \u2013 Pensamento Computacional, envolvendo 366 alunos, afirmando-se como um dos agrupamentos mais participativos e com melhores resultados no concelho de Barcelos.<\/span><\/p><p style=\"font-weight: 400;\"><span style=\"color: #000000;\">A n\u00edvel nacional, o concurso contou com 149 474 alunos, de 792 escolas, distribu\u00eddas por 26 distritos e regi\u00f5es. No concelho de Barcelos participaram 9 escolas, num total de 1 407 alunos, sendo o Agrupamento de Escolas Gon\u00e7alo Nunes um dos que apresentou maior n\u00famero de participantes e melhores resultados globais.<\/span><\/p><p style=\"font-weight: 400;\"><span style=\"color: #000000;\">\u00a0O que significam os TOP 1%, 10% e 25%?<\/span><br \/><span style=\"color: #000000;\">Os resultados do Bebras s\u00e3o organizados por escal\u00f5es et\u00e1rios e comparados a n\u00edvel nacional:<\/span><\/p><p style=\"font-weight: 400;\"><span style=\"color: #000000;\">TOP 1% \u2013 alunos que ficaram entre os 1% melhores resultados do pa\u00eds, no seu escal\u00e3o<\/span><\/p><p style=\"font-weight: 400;\"><span style=\"color: #000000;\">TOP 10% \u2013 alunos posicionados entre os 10% melhores a n\u00edvel nacional<\/span><\/p><p style=\"font-weight: 400;\"><span style=\"color: #000000;\">TOP 25% \u2013 alunos que integram o quarto superior da classifica\u00e7\u00e3o nacional<\/span><\/p><p style=\"font-weight: 400;\"><span style=\"color: #000000;\">Resultados do AEGN:<\/span><\/p><p style=\"font-weight: 400;\"><span style=\"color: #000000;\">\u00a09 alunos no TOP 1% nacional<\/span><\/p><p style=\"font-weight: 400;\"><span style=\"color: #000000;\">\u00a046 alunos no TOP 10% nacional<\/span><\/p><p style=\"font-weight: 400;\"><span style=\"color: #000000;\">\u00a084 alunos no TOP 25% nacional<\/span><\/p><p style=\"font-weight: 400;\"><span style=\"color: #000000;\">Estes resultados demonstram a excelente capacidade de racioc\u00ednio l\u00f3gico, pensamento cr\u00edtico e resolu\u00e7\u00e3o de problemas dos nossos alunos, compet\u00eancias essenciais no mundo atual e no futuro digital. Refletem tamb\u00e9m o trabalho consistente desenvolvido pelos docentes ao longo dos v\u00e1rios ciclos de ensino.<\/span><\/p><p style=\"font-weight: 400;\"><span style=\"color: #000000;\">O Agrupamento de Escolas Gon\u00e7alo Nunes felicita todos os alunos participantes e os professores envolvidos, refor\u00e7ando o seu compromisso com uma educa\u00e7\u00e3o de qualidade, inovadora e orientada para o desenvolvimento do pensamento computacional.<\/span><\/p>\t\t\t\t\t\t\t\t<\/div>\n\t\t\t\t<div class=\"elementor-element elementor-element-071cd7a elementor-widget elementor-widget-image\" data-id=\"071cd7a\" data-element_type=\"widget\" data-widget_type=\"image.default\">\n\t\t\t\t\t\t\t\t\t\t\t\t\t\t\t<img fetchpriority=\"high\" decoding=\"async\" width=\"800\" height=\"659\" src=\"https:\/\/aegnunes.pt\/wp-content\/uploads\/2026\/01\/Sem-titulo-1024x843.jpg\" class=\"attachment-large size-large wp-image-1971\" alt=\"\" srcset=\"https:\/\/aegnunes.pt\/wp-content\/uploads\/2026\/01\/Sem-titulo-1024x843.jpg 1024w, https:\/\/aegnunes.pt\/wp-content\/uploads\/2026\/01\/Sem-titulo-300x247.jpg 300w, https:\/\/aegnunes.pt\/wp-content\/uploads\/2026\/01\/Sem-titulo-768x632.jpg 768w, https:\/\/aegnunes.pt\/wp-content\/uploads\/2026\/01\/Sem-titulo.jpg 1035w\" sizes=\"(max-width: 800px) 100vw, 800px\" \/>\t\t\t\t\t\t\t\t\t\t\t\t\t\t\t<\/div>\n\t\t\t\t<\/div>\n\t\t\t\t<\/div>\n\t\t\t\t\t<\/div>\n\t\t\t\t<\/div>\n\t\t<div class=\"elementor-element elementor-element-9043dbc e-flex e-con-boxed e-con e-parent\" data-id=\"9043dbc\" data-element_type=\"container\">\n\t\t\t\t\t<div class=\"e-con-inner\">\n\t\t\t\t<div class=\"elementor-element elementor-element-29a100f elementor-icon-list--layout-traditional elementor-list-item-link-full_width elementor-widget elementor-widget-icon-list\" data-id=\"29a100f\" data-element_type=\"widget\" data-widget_type=\"icon-list.default\">\n\t\t\t\t\t\t\t<ul class=\"elementor-icon-list-items\">\n\t\t\t\t\t\t\t<li class=\"elementor-icon-list-item\">\n\t\t\t\t\t\t\t\t\t\t\t<a href=\"https:\/\/aegnunes.pt\/?page_id=1063\">\n\n\t\t\t\t\t\t\t\t\t\t\t\t<span class=\"elementor-icon-list-icon\">\n\t\t\t\t\t\t\t<svg aria-hidden=\"true\" class=\"e-font-icon-svg e-far-arrow-alt-circle-left\" viewBox=\"0 0 512 512\" xmlns=\"http:\/\/www.w3.org\/2000\/svg\"><path d=\"M8 256c0 137 111 248 248 248s248-111 248-248S393 8 256 8 8 119 8 256zm448 0c0 110.5-89.5 200-200 200S56 366.5 56 256 145.5 56 256 56s200 89.5 200 200zm-72-20v40c0 6.6-5.4 12-12 12H256v67c0 10.7-12.9 16-20.5 8.5l-99-99c-4.7-4.7-4.7-12.3 0-17l99-99c7.6-7.6 20.5-2.2 20.5 8.5v67h116c6.6 0 12 5.4 12 12z\"><\/path><\/svg>\t\t\t\t\t\t<\/span>\n\t\t\t\t\t\t\t\t\t\t<span class=\"elementor-icon-list-text\">Voltar<\/span>\n\t\t\t\t\t\t\t\t\t\t\t<\/a>\n\t\t\t\t\t\t\t\t\t<\/li>\n\t\t\t\t\t\t<\/ul>\n\t\t\t\t\t\t<\/div>\n\t\t\t\t<div class=\"elementor-element elementor-element-2a81f37 elementor-widget elementor-widget-spacer\" data-id=\"2a81f37\" data-element_type=\"widget\" data-widget_type=\"spacer.default\">\n\t\t\t\t\t\t\t<div class=\"elementor-spacer\">\n\t\t\t<div class=\"elementor-spacer-inner\"><\/div>\n\t\t<\/div>\n\t\t\t\t\t\t<\/div>\n\t\t\t\t\t<\/div>\n\t\t\t\t<\/div>\n\t\t\t\t<\/div>\n\t\t","protected":false},"excerpt":{"rendered":"<p>Concurso Bebras &#8211; Destaque Nacional do AEGN Bebras &#8211; Lista Escola resultados Bebras &#8211; Lista resultados 2\u00baciclo Bebras &#8211; Lista resultados 8\u00ba ano Bebras &#8211; Lista resultados 9\u00ba ano Concurso Bebras | Destaque Nacional do AEGN Agrupamento de Escolas Gon\u00e7alo Nunes em grande destaque no Concurso Bebras 2025! O Agrupamento de Escolas Gon\u00e7alo Nunes participou [&hellip;]<\/p>\n","protected":false},"author":1,"featured_media":0,"parent":0,"menu_order":0,"comment_status":"closed","ping_status":"closed","template":"","meta":{"footnotes":""},"class_list":["post-1985","page","type-page","status-publish","hentry"],"_links":{"self":[{"href":"https:\/\/aegnunes.pt\/index.php?rest_route=\/wp\/v2\/pages\/1985","targetHints":{"allow":["GET"]}}],"collection":[{"href":"https:\/\/aegnunes.pt\/index.php?rest_route=\/wp\/v2\/pages"}],"about":[{"href":"https:\/\/aegnunes.pt\/index.php?rest_route=\/wp\/v2\/types\/page"}],"author":[{"embeddable":true,"href":"https:\/\/aegnunes.pt\/index.php?rest_route=\/wp\/v2\/users\/1"}],"replies":[{"embeddable":true,"href":"https:\/\/aegnunes.pt\/index.php?rest_route=%2Fwp%2Fv2%2Fcomments&post=1985"}],"version-history":[{"count":10,"href":"https:\/\/aegnunes.pt\/index.php?rest_route=\/wp\/v2\/pages\/1985\/revisions"}],"predecessor-version":[{"id":2009,"href":"https:\/\/aegnunes.pt\/index.php?rest_route=\/wp\/v2\/pages\/1985\/revisions\/2009"}],"wp:attachment":[{"href":"https:\/\/aegnunes.pt\/index.php?rest_route=%2Fwp%2Fv2%2Fmedia&parent=1985"}],"curies":[{"name":"wp","href":"https:\/\/api.w.org\/{rel}","templated":true}]}}