{"id":1169,"date":"2025-11-10T18:34:12","date_gmt":"2025-11-10T18:34:12","guid":{"rendered":"https:\/\/aegnunes.pt\/?page_id=1169"},"modified":"2025-12-21T18:46:12","modified_gmt":"2025-12-21T18:46:12","slug":"servicos-2","status":"publish","type":"page","link":"https:\/\/aegnunes.pt\/?page_id=1169","title":{"rendered":"Servi\u00e7os"},"content":{"rendered":"\t\t<div data-elementor-type=\"wp-page\" data-elementor-id=\"1169\" class=\"elementor elementor-1169\" data-elementor-post-type=\"page\">\n\t\t\t\t<div class=\"elementor-element elementor-element-e641d30 e-flex e-con-boxed e-con e-parent\" data-id=\"e641d30\" data-element_type=\"container\">\n\t\t\t\t\t<div class=\"e-con-inner\">\n\t\t\t\t<div class=\"elementor-element elementor-element-71c56ba elementor-widget elementor-widget-heading\" data-id=\"71c56ba\" data-element_type=\"widget\" data-widget_type=\"heading.default\">\n\t\t\t\t\t<h2 class=\"elementor-heading-title elementor-size-default\">Servi\u00e7os - Hor\u00e1rio<\/h2>\t\t\t\t<\/div>\n\t\t\t\t<div class=\"elementor-element elementor-element-0bdae53 elementor-widget elementor-widget-spacer\" data-id=\"0bdae53\" data-element_type=\"widget\" data-widget_type=\"spacer.default\">\n\t\t\t\t\t\t\t<div class=\"elementor-spacer\">\n\t\t\t<div class=\"elementor-spacer-inner\"><\/div>\n\t\t<\/div>\n\t\t\t\t\t\t<\/div>\n\t\t\t\t\t<\/div>\n\t\t\t\t<\/div>\n\t\t<div class=\"elementor-element elementor-element-d82b52e e-grid e-con-boxed e-con e-parent\" data-id=\"d82b52e\" data-element_type=\"container\" data-settings=\"{&quot;shape_divider_bottom&quot;:&quot;opacity-tilt&quot;}\">\n\t\t\t\t\t<div class=\"e-con-inner\">\n\t\t\t\t<div class=\"elementor-shape elementor-shape-bottom\" aria-hidden=\"true\" data-negative=\"false\">\n\t\t\t<svg xmlns=\"http:\/\/www.w3.org\/2000\/svg\" viewBox=\"0 0 2600 131.1\" preserveAspectRatio=\"none\">\n\t<path class=\"elementor-shape-fill\" d=\"M0 0L2600 0 2600 69.1 0 0z\"\/>\n\t<path class=\"elementor-shape-fill\" style=\"opacity:0.5\" d=\"M0 0L2600 0 2600 69.1 0 69.1z\"\/>\n\t<path class=\"elementor-shape-fill\" style=\"opacity:0.25\" d=\"M2600 0L0 0 0 130.1 2600 69.1z\"\/>\n<\/svg>\t\t<\/div>\n\t\t\t\t<div class=\"elementor-element elementor-element-02b27e4 elementor-widget elementor-widget-text-editor\" data-id=\"02b27e4\" data-element_type=\"widget\" data-widget_type=\"text-editor.default\">\n\t\t\t\t\t\t\t\t\t<p><strong>Servi\u00e7os Administrativos<\/strong><\/p><p>Per\u00edodo da manh\u00e3 &#8211;\u00a0 09:00h &#8211; 12:00h<\/p><p>de 2\u00aa a 5\u00aa feira &#8211; 14:00h &#8211; 16:30h<\/p>\t\t\t\t\t\t\t\t<\/div>\n\t\t\t\t<div class=\"elementor-element elementor-element-b3d1b0d elementor-widget elementor-widget-text-editor\" data-id=\"b3d1b0d\" data-element_type=\"widget\" data-widget_type=\"text-editor.default\">\n\t\t\t\t\t\t\t\t\t<p><strong>Papelaria<\/strong><\/p><p>Per\u00edodo da manh\u00e3 &#8211;\u00a0 \u00a0 08:30h &#8211; 12:30h<\/p><p>Per\u00edodo da tarde\u00a0 &#8211;\u00a0 \u00a0 \u00a0 14:00h &#8211; 16:30h<\/p>\t\t\t\t\t\t\t\t<\/div>\n\t\t\t\t<div class=\"elementor-element elementor-element-2718c19 elementor-widget elementor-widget-text-editor\" data-id=\"2718c19\" data-element_type=\"widget\" data-widget_type=\"text-editor.default\">\n\t\t\t\t\t\t\t\t\t<p><strong>Bar\u00a0<\/strong><\/p><p>Per\u00edodo da manh\u00e3 &#8211;\u00a0 \u00a0 08:30h &#8211; 11:30h<\/p><p>Per\u00edodo da tarde\u00a0 &#8211;\u00a0 \u00a0 \u00a0 14:00h &#8211; 16:45h<\/p>\t\t\t\t\t\t\t\t<\/div>\n\t\t\t\t<div class=\"elementor-element elementor-element-815ccf9 elementor-widget elementor-widget-text-editor\" data-id=\"815ccf9\" data-element_type=\"widget\" data-widget_type=\"text-editor.default\">\n\t\t\t\t\t\t\t\t\t<p><span style=\"color: #ffffff;\">l<\/span><\/p>\t\t\t\t\t\t\t\t<\/div>\n\t\t\t\t<div class=\"elementor-element elementor-element-8838b92 elementor-widget elementor-widget-text-editor\" data-id=\"8838b92\" data-element_type=\"widget\" data-widget_type=\"text-editor.default\">\n\t\t\t\t\t\t\t\t\t<p><strong>Cantina<\/strong><\/p><p>12:00h &#8211; 14:00h<\/p>\t\t\t\t\t\t\t\t<\/div>\n\t\t\t\t\t<\/div>\n\t\t\t\t<\/div>\n\t\t<div class=\"elementor-element elementor-element-6a9f574 e-flex e-con-boxed e-con e-parent\" data-id=\"6a9f574\" data-element_type=\"container\">\n\t\t\t\t\t<div class=\"e-con-inner\">\n\t\t\t\t<div class=\"elementor-element elementor-element-2a003c8 elementor-widget elementor-widget-spacer\" data-id=\"2a003c8\" data-element_type=\"widget\" data-widget_type=\"spacer.default\">\n\t\t\t\t\t\t\t<div class=\"elementor-spacer\">\n\t\t\t<div class=\"elementor-spacer-inner\"><\/div>\n\t\t<\/div>\n\t\t\t\t\t\t<\/div>\n\t\t\t\t\t<\/div>\n\t\t\t\t<\/div>\n\t\t\t\t<\/div>\n\t\t","protected":false},"excerpt":{"rendered":"<p>Servi\u00e7os &#8211; Hor\u00e1rio Servi\u00e7os Administrativos Per\u00edodo da manh\u00e3 &#8211;\u00a0 09:00h &#8211; 12:00h de 2\u00aa a 5\u00aa feira &#8211; 14:00h &#8211; 16:30h Papelaria Per\u00edodo da manh\u00e3 &#8211;\u00a0 \u00a0 08:30h &#8211; 12:30h Per\u00edodo da tarde\u00a0 &#8211;\u00a0 \u00a0 \u00a0 14:00h &#8211; 16:30h Bar\u00a0 Per\u00edodo da manh\u00e3 &#8211;\u00a0 \u00a0 08:30h &#8211; 11:30h Per\u00edodo da tarde\u00a0 &#8211;\u00a0 \u00a0 \u00a0 14:00h [&hellip;]<\/p>\n","protected":false},"author":1,"featured_media":0,"parent":0,"menu_order":0,"comment_status":"closed","ping_status":"closed","template":"","meta":{"footnotes":""},"class_list":["post-1169","page","type-page","status-publish","hentry"],"_links":{"self":[{"href":"https:\/\/aegnunes.pt\/index.php?rest_route=\/wp\/v2\/pages\/1169","targetHints":{"allow":["GET"]}}],"collection":[{"href":"https:\/\/aegnunes.pt\/index.php?rest_route=\/wp\/v2\/pages"}],"about":[{"href":"https:\/\/aegnunes.pt\/index.php?rest_route=\/wp\/v2\/types\/page"}],"author":[{"embeddable":true,"href":"https:\/\/aegnunes.pt\/index.php?rest_route=\/wp\/v2\/users\/1"}],"replies":[{"embeddable":true,"href":"https:\/\/aegnunes.pt\/index.php?rest_route=%2Fwp%2Fv2%2Fcomments&post=1169"}],"version-history":[{"count":10,"href":"https:\/\/aegnunes.pt\/index.php?rest_route=\/wp\/v2\/pages\/1169\/revisions"}],"predecessor-version":[{"id":1873,"href":"https:\/\/aegnunes.pt\/index.php?rest_route=\/wp\/v2\/pages\/1169\/revisions\/1873"}],"wp:attachment":[{"href":"https:\/\/aegnunes.pt\/index.php?rest_route=%2Fwp%2Fv2%2Fmedia&parent=1169"}],"curies":[{"name":"wp","href":"https:\/\/api.w.org\/{rel}","templated":true}]}}