{"id":1024,"date":"2025-10-31T12:44:57","date_gmt":"2025-10-31T12:44:57","guid":{"rendered":"https:\/\/aegnunes.pt\/?page_id=1024"},"modified":"2025-11-16T12:33:50","modified_gmt":"2025-11-16T12:33:50","slug":"biblioteca","status":"publish","type":"page","link":"https:\/\/aegnunes.pt\/?page_id=1024","title":{"rendered":"Biblioteca"},"content":{"rendered":"\t\t<div data-elementor-type=\"wp-page\" data-elementor-id=\"1024\" class=\"elementor elementor-1024\" data-elementor-post-type=\"page\">\n\t\t\t\t<div class=\"elementor-element elementor-element-ad02e88 e-flex e-con-boxed e-con e-parent\" data-id=\"ad02e88\" data-element_type=\"container\">\n\t\t\t\t\t<div class=\"e-con-inner\">\n\t\t\t\t<div class=\"elementor-element elementor-element-d132481 elementor-widget elementor-widget-heading\" data-id=\"d132481\" data-element_type=\"widget\" data-widget_type=\"heading.default\">\n\t\t\t\t\t<h2 class=\"elementor-heading-title elementor-size-default\">Biblioteca<\/h2>\t\t\t\t<\/div>\n\t\t\t\t<div class=\"elementor-element elementor-element-01a71aa elementor-widget elementor-widget-spacer\" data-id=\"01a71aa\" data-element_type=\"widget\" data-widget_type=\"spacer.default\">\n\t\t\t\t\t\t\t<div class=\"elementor-spacer\">\n\t\t\t<div class=\"elementor-spacer-inner\"><\/div>\n\t\t<\/div>\n\t\t\t\t\t\t<\/div>\n\t\t<div class=\"elementor-element elementor-element-9bb4fb7 e-con-full e-flex e-con e-child\" data-id=\"9bb4fb7\" data-element_type=\"container\">\n\t\t<div class=\"elementor-element elementor-element-e29998b e-grid e-con-full e-con e-child\" data-id=\"e29998b\" data-element_type=\"container\">\n\t\t\t\t<div class=\"elementor-element elementor-element-d6c664f elementor-widget elementor-widget-image\" data-id=\"d6c664f\" data-element_type=\"widget\" data-widget_type=\"image.default\">\n\t\t\t\t\t\t\t\t\t\t\t\t\t\t\t<img fetchpriority=\"high\" decoding=\"async\" width=\"300\" height=\"242\" src=\"https:\/\/aegnunes.pt\/wp-content\/uploads\/2025\/10\/biblioteca-logo-300x242.jpg\" class=\"attachment-medium size-medium wp-image-1057\" alt=\"\" srcset=\"https:\/\/aegnunes.pt\/wp-content\/uploads\/2025\/10\/biblioteca-logo-300x242.jpg 300w, https:\/\/aegnunes.pt\/wp-content\/uploads\/2025\/10\/elementor\/thumbs\/biblioteca-logo-re14jyuny2kuuvbfxwoxqetox2dmq577vlekyryt82.jpg 5w, https:\/\/aegnunes.pt\/wp-content\/uploads\/2025\/10\/biblioteca-logo.jpg 447w\" sizes=\"(max-width: 300px) 100vw, 300px\" \/>\t\t\t\t\t\t\t\t\t\t\t\t\t\t\t<\/div>\n\t\t\t\t<div class=\"elementor-element elementor-element-f3eaf12 e-transform elementor-widget elementor-widget-image\" data-id=\"f3eaf12\" data-element_type=\"widget\" data-settings=\"{&quot;_transform_translateX_effect&quot;:{&quot;unit&quot;:&quot;px&quot;,&quot;size&quot;:100,&quot;sizes&quot;:[]},&quot;_transform_translateX_effect_tablet&quot;:{&quot;unit&quot;:&quot;px&quot;,&quot;size&quot;:&quot;&quot;,&quot;sizes&quot;:[]},&quot;_transform_translateX_effect_mobile&quot;:{&quot;unit&quot;:&quot;px&quot;,&quot;size&quot;:&quot;&quot;,&quot;sizes&quot;:[]},&quot;_transform_translateY_effect&quot;:{&quot;unit&quot;:&quot;px&quot;,&quot;size&quot;:&quot;&quot;,&quot;sizes&quot;:[]},&quot;_transform_translateY_effect_tablet&quot;:{&quot;unit&quot;:&quot;px&quot;,&quot;size&quot;:&quot;&quot;,&quot;sizes&quot;:[]},&quot;_transform_translateY_effect_mobile&quot;:{&quot;unit&quot;:&quot;px&quot;,&quot;size&quot;:&quot;&quot;,&quot;sizes&quot;:[]}}\" data-widget_type=\"image.default\">\n\t\t\t\t\t\t\t\t\t\t\t\t\t\t\t<img decoding=\"async\" src=\"https:\/\/aegnunes.pt\/wp-content\/uploads\/elementor\/thumbs\/IMG_20251106_083034-scaled-relzrilb0uww29e6q6bp7vp5pk53o38oem45ou12tw.jpg\" title=\"IMG_20251106_083034\" alt=\"IMG_20251106_083034\" loading=\"lazy\" \/>\t\t\t\t\t\t\t\t\t\t\t\t\t\t\t<\/div>\n\t\t\t\t<\/div>\n\t\t\t\t<div class=\"elementor-element elementor-element-3fbb0ab elementor-widget elementor-widget-spacer\" data-id=\"3fbb0ab\" data-element_type=\"widget\" data-widget_type=\"spacer.default\">\n\t\t\t\t\t\t\t<div class=\"elementor-spacer\">\n\t\t\t<div class=\"elementor-spacer-inner\"><\/div>\n\t\t<\/div>\n\t\t\t\t\t\t<\/div>\n\t\t\t\t<\/div>\n\t\t\t\t\t<\/div>\n\t\t\t\t<\/div>\n\t\t<div class=\"elementor-element elementor-element-5a722dc e-flex e-con-boxed e-con e-parent\" data-id=\"5a722dc\" data-element_type=\"container\">\n\t\t\t\t\t<div class=\"e-con-inner\">\n\t\t\t\t<div class=\"elementor-element elementor-element-1edbdeb elementor-icon-list--layout-traditional elementor-list-item-link-full_width elementor-widget elementor-widget-icon-list\" data-id=\"1edbdeb\" data-element_type=\"widget\" data-widget_type=\"icon-list.default\">\n\t\t\t\t\t\t\t<ul class=\"elementor-icon-list-items\">\n\t\t\t\t\t\t\t<li class=\"elementor-icon-list-item\">\n\t\t\t\t\t\t\t\t\t\t\t<a href=\"https:\/\/otecerdasleituras.blogspot.com\/\" target=\"_blank\">\n\n\t\t\t\t\t\t\t\t\t\t\t\t<span class=\"elementor-icon-list-icon\">\n\t\t\t\t\t\t\t<svg aria-hidden=\"true\" class=\"e-font-icon-svg e-fas-book\" viewBox=\"0 0 448 512\" xmlns=\"http:\/\/www.w3.org\/2000\/svg\"><path d=\"M448 360V24c0-13.3-10.7-24-24-24H96C43 0 0 43 0 96v320c0 53 43 96 96 96h328c13.3 0 24-10.7 24-24v-16c0-7.5-3.5-14.3-8.9-18.7-4.2-15.4-4.2-59.3 0-74.7 5.4-4.3 8.9-11.1 8.9-18.6zM128 134c0-3.3 2.7-6 6-6h212c3.3 0 6 2.7 6 6v20c0 3.3-2.7 6-6 6H134c-3.3 0-6-2.7-6-6v-20zm0 64c0-3.3 2.7-6 6-6h212c3.3 0 6 2.7 6 6v20c0 3.3-2.7 6-6 6H134c-3.3 0-6-2.7-6-6v-20zm253.4 250H96c-17.7 0-32-14.3-32-32 0-17.6 14.4-32 32-32h285.4c-1.9 17.1-1.9 46.9 0 64z\"><\/path><\/svg>\t\t\t\t\t\t<\/span>\n\t\t\t\t\t\t\t\t\t\t<span class=\"elementor-icon-list-text\">O Tecer das Leituras - blogspot<\/span>\n\t\t\t\t\t\t\t\t\t\t\t<\/a>\n\t\t\t\t\t\t\t\t\t<\/li>\n\t\t\t\t\t\t<\/ul>\n\t\t\t\t\t\t<\/div>\n\t\t\t\t<div class=\"elementor-element elementor-element-3f55704 elementor-icon-list--layout-traditional elementor-list-item-link-full_width elementor-widget elementor-widget-icon-list\" data-id=\"3f55704\" data-element_type=\"widget\" data-widget_type=\"icon-list.default\">\n\t\t\t\t\t\t\t<ul class=\"elementor-icon-list-items\">\n\t\t\t\t\t\t\t<li class=\"elementor-icon-list-item\">\n\t\t\t\t\t\t\t\t\t\t\t<a href=\"https:\/\/www.facebook.com\/bibliotecas.goncalonunes\" target=\"_blank\">\n\n\t\t\t\t\t\t\t\t\t\t\t\t<span class=\"elementor-icon-list-icon\">\n\t\t\t\t\t\t\t<svg aria-hidden=\"true\" class=\"e-font-icon-svg e-fab-facebook\" viewBox=\"0 0 512 512\" xmlns=\"http:\/\/www.w3.org\/2000\/svg\"><path d=\"M504 256C504 119 393 8 256 8S8 119 8 256c0 123.78 90.69 226.38 209.25 245V327.69h-63V256h63v-54.64c0-62.15 37-96.48 93.67-96.48 27.14 0 55.52 4.84 55.52 4.84v61h-31.28c-30.8 0-40.41 19.12-40.41 38.73V256h68.78l-11 71.69h-57.78V501C413.31 482.38 504 379.78 504 256z\"><\/path><\/svg>\t\t\t\t\t\t<\/span>\n\t\t\t\t\t\t\t\t\t\t<span class=\"elementor-icon-list-text\">Faceboock<\/span>\n\t\t\t\t\t\t\t\t\t\t\t<\/a>\n\t\t\t\t\t\t\t\t\t<\/li>\n\t\t\t\t\t\t<\/ul>\n\t\t\t\t\t\t<\/div>\n\t\t\t\t<div class=\"elementor-element elementor-element-b706acd e-transform elementor-icon-list--layout-traditional elementor-list-item-link-full_width elementor-widget elementor-widget-icon-list\" data-id=\"b706acd\" data-element_type=\"widget\" data-settings=\"{&quot;_transform_translateX_effect&quot;:{&quot;unit&quot;:&quot;px&quot;,&quot;size&quot;:0,&quot;sizes&quot;:[]},&quot;_transform_translateX_effect_tablet&quot;:{&quot;unit&quot;:&quot;px&quot;,&quot;size&quot;:&quot;&quot;,&quot;sizes&quot;:[]},&quot;_transform_translateX_effect_mobile&quot;:{&quot;unit&quot;:&quot;px&quot;,&quot;size&quot;:&quot;&quot;,&quot;sizes&quot;:[]},&quot;_transform_translateY_effect&quot;:{&quot;unit&quot;:&quot;px&quot;,&quot;size&quot;:&quot;&quot;,&quot;sizes&quot;:[]},&quot;_transform_translateY_effect_tablet&quot;:{&quot;unit&quot;:&quot;px&quot;,&quot;size&quot;:&quot;&quot;,&quot;sizes&quot;:[]},&quot;_transform_translateY_effect_mobile&quot;:{&quot;unit&quot;:&quot;px&quot;,&quot;size&quot;:&quot;&quot;,&quot;sizes&quot;:[]}}\" data-widget_type=\"icon-list.default\">\n\t\t\t\t\t\t\t<ul class=\"elementor-icon-list-items\">\n\t\t\t\t\t\t\t<li class=\"elementor-icon-list-item\">\n\t\t\t\t\t\t\t\t\t\t\t<a href=\"https:\/\/www.instagram.com\/bibliotecagnunes\" target=\"_blank\">\n\n\t\t\t\t\t\t\t\t\t\t\t\t<span class=\"elementor-icon-list-icon\">\n\t\t\t\t\t\t\t<svg aria-hidden=\"true\" class=\"e-font-icon-svg e-fab-instagram\" viewBox=\"0 0 448 512\" xmlns=\"http:\/\/www.w3.org\/2000\/svg\"><path d=\"M224.1 141c-63.6 0-114.9 51.3-114.9 114.9s51.3 114.9 114.9 114.9S339 319.5 339 255.9 287.7 141 224.1 141zm0 189.6c-41.1 0-74.7-33.5-74.7-74.7s33.5-74.7 74.7-74.7 74.7 33.5 74.7 74.7-33.6 74.7-74.7 74.7zm146.4-194.3c0 14.9-12 26.8-26.8 26.8-14.9 0-26.8-12-26.8-26.8s12-26.8 26.8-26.8 26.8 12 26.8 26.8zm76.1 27.2c-1.7-35.9-9.9-67.7-36.2-93.9-26.2-26.2-58-34.4-93.9-36.2-37-2.1-147.9-2.1-184.9 0-35.8 1.7-67.6 9.9-93.9 36.1s-34.4 58-36.2 93.9c-2.1 37-2.1 147.9 0 184.9 1.7 35.9 9.9 67.7 36.2 93.9s58 34.4 93.9 36.2c37 2.1 147.9 2.1 184.9 0 35.9-1.7 67.7-9.9 93.9-36.2 26.2-26.2 34.4-58 36.2-93.9 2.1-37 2.1-147.8 0-184.8zM398.8 388c-7.8 19.6-22.9 34.7-42.6 42.6-29.5 11.7-99.5 9-132.1 9s-102.7 2.6-132.1-9c-19.6-7.8-34.7-22.9-42.6-42.6-11.7-29.5-9-99.5-9-132.1s-2.6-102.7 9-132.1c7.8-19.6 22.9-34.7 42.6-42.6 29.5-11.7 99.5-9 132.1-9s102.7-2.6 132.1 9c19.6 7.8 34.7 22.9 42.6 42.6 11.7 29.5 9 99.5 9 132.1s2.7 102.7-9 132.1z\"><\/path><\/svg>\t\t\t\t\t\t<\/span>\n\t\t\t\t\t\t\t\t\t\t<span class=\"elementor-icon-list-text\">Instagram<\/span>\n\t\t\t\t\t\t\t\t\t\t\t<\/a>\n\t\t\t\t\t\t\t\t\t<\/li>\n\t\t\t\t\t\t<\/ul>\n\t\t\t\t\t\t<\/div>\n\t\t\t\t<div class=\"elementor-element elementor-element-57659b9 elementor-widget elementor-widget-text-editor\" data-id=\"57659b9\" data-element_type=\"widget\" data-widget_type=\"text-editor.default\">\n\t\t\t\t\t\t\t\t\t<p><strong>Hor\u00e1rio de Funcionamento da Biblioteca Gon\u00e7alo Nunes<\/strong><\/p>\t\t\t\t\t\t\t\t<\/div>\n\t\t\t\t\t<\/div>\n\t\t\t\t<\/div>\n\t\t<div class=\"elementor-element elementor-element-abf81c0 e-con-full e-flex e-con e-parent\" data-id=\"abf81c0\" data-element_type=\"container\" data-settings=\"{&quot;background_background&quot;:&quot;gradient&quot;}\">\n\t\t\t\t<div class=\"elementor-element elementor-element-46fd454 elementor-widget elementor-widget-text-editor\" data-id=\"46fd454\" data-element_type=\"widget\" data-widget_type=\"text-editor.default\">\n\t\t\t\t\t\t\t\t\t<table><tbody><tr><td colspan=\"6\" width=\"832\"><p><span style=\"color: #000000;\"><strong>Hor\u00e1rio da Biblioteca<\/strong><\/span><\/p><\/td><\/tr><tr><td width=\"114\"><p><span style=\"color: #000000;\"><strong>\u00a0<\/strong><\/span><\/p><\/td><td width=\"144\"><p><span style=\"color: #000000;\"><strong>SEGUNDA<\/strong><\/span><\/p><\/td><td width=\"144\"><p><span style=\"color: #000000;\"><strong>TER\u00c7A<\/strong><\/span><\/p><\/td><td width=\"144\"><p><span style=\"color: #000000;\"><strong>QUARTA<\/strong><\/span><\/p><\/td><td width=\"144\"><p><span style=\"color: #000000;\"><strong>QUINTA<\/strong><\/span><\/p><\/td><td width=\"144\"><p><span style=\"color: #000000;\"><strong>SEXTA<\/strong><\/span><\/p><\/td><\/tr><tr><td rowspan=\"2\" width=\"114\"><p><span style=\"color: #000000;\">Manh\u00e3<\/span><\/p><\/td><td width=\"144\"><p><span style=\"color: #000000;\">8:20h<\/span><\/p><\/td><td width=\"144\"><p><span style=\"color: #000000;\">8:20h<\/span><\/p><\/td><td width=\"144\"><p><span style=\"color: #000000;\">8:20h<\/span><\/p><\/td><td width=\"144\"><p><span style=\"color: #000000;\">8:20h<\/span><\/p><\/td><td width=\"144\"><p><span style=\"color: #000000;\">8:20h<\/span><\/p><\/td><\/tr><tr><td width=\"144\"><p><span style=\"color: #000000;\">12:30h<\/span><\/p><\/td><td width=\"144\"><p><span style=\"color: #000000;\">12:30h<\/span><\/p><\/td><td width=\"144\"><p><span style=\"color: #000000;\">12:30h<\/span><\/p><\/td><td width=\"144\"><p><span style=\"color: #000000;\">12:30h<\/span><\/p><\/td><td width=\"144\"><p><span style=\"color: #000000;\">12:30h<\/span><\/p><\/td><\/tr><tr><td colspan=\"6\" width=\"832\"><p><span style=\"color: #000000;\"><strong>Pausa de Almo\u00e7o<\/strong><\/span><\/p><\/td><\/tr><tr><td rowspan=\"2\" width=\"114\"><p><span style=\"color: #000000;\">Tarde<\/span><\/p><\/td><td width=\"144\"><p><span style=\"color: #000000;\">13:30h<\/span><\/p><\/td><td width=\"144\"><p><span style=\"color: #000000;\">13:30h<\/span><\/p><\/td><td width=\"144\"><p><span style=\"color: #000000;\">13:30h<\/span><\/p><\/td><td width=\"144\"><p><span style=\"color: #000000;\">13:30h<\/span><\/p><\/td><td width=\"144\"><p><span style=\"color: #000000;\">13:30h<\/span><\/p><\/td><\/tr><tr><td width=\"144\"><p><span style=\"color: #000000;\">17:15h<\/span><\/p><\/td><td width=\"144\"><p><span style=\"color: #000000;\">17:15h<\/span><\/p><\/td><td width=\"144\"><p><span style=\"color: #000000;\">17:15h<\/span><\/p><\/td><td width=\"144\"><p><span style=\"color: #000000;\">17:15h<\/span><\/p><\/td><td width=\"144\"><p><span style=\"color: #000000;\">17:15h<\/span><\/p><\/td><\/tr><\/tbody><\/table>\t\t\t\t\t\t\t\t<\/div>\n\t\t\t\t<\/div>\n\t\t<div class=\"elementor-element elementor-element-be4404a e-flex e-con-boxed e-con e-parent\" data-id=\"be4404a\" data-element_type=\"container\">\n\t\t\t\t\t<div class=\"e-con-inner\">\n\t\t\t\t<div class=\"elementor-element elementor-element-8e20476 elementor-widget elementor-widget-spacer\" data-id=\"8e20476\" data-element_type=\"widget\" data-widget_type=\"spacer.default\">\n\t\t\t\t\t\t\t<div class=\"elementor-spacer\">\n\t\t\t<div class=\"elementor-spacer-inner\"><\/div>\n\t\t<\/div>\n\t\t\t\t\t\t<\/div>\n\t\t\t\t\t<\/div>\n\t\t\t\t<\/div>\n\t\t\t\t<\/div>\n\t\t","protected":false},"excerpt":{"rendered":"<p>Biblioteca O Tecer das Leituras &#8211; blogspot Faceboock Instagram Hor\u00e1rio de Funcionamento da Biblioteca Gon\u00e7alo Nunes Hor\u00e1rio da Biblioteca \u00a0 SEGUNDA TER\u00c7A QUARTA QUINTA SEXTA Manh\u00e3 8:20h 8:20h 8:20h 8:20h 8:20h 12:30h 12:30h 12:30h 12:30h 12:30h Pausa de Almo\u00e7o Tarde 13:30h 13:30h 13:30h 13:30h 13:30h 17:15h 17:15h 17:15h 17:15h 17:15h<\/p>\n","protected":false},"author":1,"featured_media":0,"parent":0,"menu_order":0,"comment_status":"closed","ping_status":"closed","template":"","meta":{"footnotes":""},"class_list":["post-1024","page","type-page","status-publish","hentry"],"_links":{"self":[{"href":"https:\/\/aegnunes.pt\/index.php?rest_route=\/wp\/v2\/pages\/1024","targetHints":{"allow":["GET"]}}],"collection":[{"href":"https:\/\/aegnunes.pt\/index.php?rest_route=\/wp\/v2\/pages"}],"about":[{"href":"https:\/\/aegnunes.pt\/index.php?rest_route=\/wp\/v2\/types\/page"}],"author":[{"embeddable":true,"href":"https:\/\/aegnunes.pt\/index.php?rest_route=\/wp\/v2\/users\/1"}],"replies":[{"embeddable":true,"href":"https:\/\/aegnunes.pt\/index.php?rest_route=%2Fwp%2Fv2%2Fcomments&post=1024"}],"version-history":[{"count":34,"href":"https:\/\/aegnunes.pt\/index.php?rest_route=\/wp\/v2\/pages\/1024\/revisions"}],"predecessor-version":[{"id":1314,"href":"https:\/\/aegnunes.pt\/index.php?rest_route=\/wp\/v2\/pages\/1024\/revisions\/1314"}],"wp:attachment":[{"href":"https:\/\/aegnunes.pt\/index.php?rest_route=%2Fwp%2Fv2%2Fmedia&parent=1024"}],"curies":[{"name":"wp","href":"https:\/\/api.w.org\/{rel}","templated":true}]}}